{"id":27,"date":"2024-02-06T07:37:00","date_gmt":"2024-02-06T07:37:00","guid":{"rendered":"https:\/\/koenig.no\/?page_id=27"},"modified":"2024-02-14T12:51:05","modified_gmt":"2024-02-14T12:51:05","slug":"om-oss","status":"publish","type":"page","link":"https:\/\/koenig.no\/?page_id=27","title":{"rendered":"Om oss"},"content":{"rendered":"\n<p class=\"has-text-align-center\"><strong>K\u00f6nig Norge AS, grunnlagt av Thomas Fischer, en ekspert h\u00e5ndverker med over 25 \u00e5rs erfaring, tilbyr spesialisert reparasjon av overflater. Vi fokuserer p\u00e5 \u00e5 spare v\u00e5re kunder for b\u00e5de tid og kostnader, mens vi bidrar til b\u00e6rekraft.<\/strong><\/p>\n\n\n\n<p class=\"has-text-align-center\"><strong>Med stolthet kan vi vise til over 130 \u00e5rs samlet erfaring fra v\u00e5r tyske produsent, og nyter samtidig st\u00f8tten fra et ekspertteam som spesialiserer seg p\u00e5 \u00e5 reparere skadede overflater. Denne unike kombinasjonen sikrer at vi tilbyr uovertruffen ekspertise og kvalitet i hver reparasjon.<\/strong><\/p>\n\n\n\n<p class=\"has-text-align-center\"><strong>V\u00e5re tjenester er ideelle for forsikrings-selskaper, hotellbransjen, byggebransjen, interi\u00f8rarkitekter, m\u00f8belsnekkere og selv\u00f8lgelig, private hjem.<\/strong><\/p>\n\n\n\n<figure class=\"wp-block-image size-large\"><img data-recalc-dims=\"1\" loading=\"lazy\" decoding=\"async\" width=\"1707\" height=\"2560\" src=\"https:\/\/i0.wp.com\/koenig.no\/wp-content\/uploads\/2024\/02\/Passbild-2-edited-1-scaled.jpg?resize=1707%2C2560&#038;ssl=1\" alt=\"\" class=\"wp-image-30\" srcset=\"https:\/\/i0.wp.com\/koenig.no\/wp-content\/uploads\/2024\/02\/Passbild-2-edited-1-scaled.jpg?w=1707&amp;ssl=1 1707w, https:\/\/i0.wp.com\/koenig.no\/wp-content\/uploads\/2024\/02\/Passbild-2-edited-1-scaled.jpg?resize=600%2C900&amp;ssl=1 600w, https:\/\/i0.wp.com\/koenig.no\/wp-content\/uploads\/2024\/02\/Passbild-2-edited-1-scaled.jpg?resize=200%2C300&amp;ssl=1 200w, https:\/\/i0.wp.com\/koenig.no\/wp-content\/uploads\/2024\/02\/Passbild-2-edited-1-scaled.jpg?resize=683%2C1024&amp;ssl=1 683w, https:\/\/i0.wp.com\/koenig.no\/wp-content\/uploads\/2024\/02\/Passbild-2-edited-1-scaled.jpg?resize=768%2C1152&amp;ssl=1 768w, https:\/\/i0.wp.com\/koenig.no\/wp-content\/uploads\/2024\/02\/Passbild-2-edited-1-scaled.jpg?resize=1024%2C1536&amp;ssl=1 1024w, https:\/\/i0.wp.com\/koenig.no\/wp-content\/uploads\/2024\/02\/Passbild-2-edited-1-scaled.jpg?resize=1365%2C2048&amp;ssl=1 1365w\" sizes=\"auto, (max-width: 1000px) 100vw, 1000px\" \/><\/figure>\n","protected":false},"excerpt":{"rendered":"<p>K\u00f6nig Norge AS, grunnlagt av Thomas Fischer, en ekspert h\u00e5ndverker med over 25 \u00e5rs erfaring, tilbyr spesialisert reparasjon av overflater. Vi fokuserer p\u00e5 \u00e5 spare v\u00e5re kunder for b\u00e5de tid og kostnader, mens vi bidrar til b\u00e6rekraft. Med stolthet kan vi vise til over 130 \u00e5rs samlet erfaring fra v\u00e5r tyske produsent, og nyter samtidig [&hellip;]<\/p>\n","protected":false},"author":1,"featured_media":47,"parent":0,"menu_order":0,"comment_status":"closed","ping_status":"closed","template":"","meta":{"footnotes":""},"class_list":["post-27","page","type-page","status-publish","has-post-thumbnail","hentry"],"yoast_head":"<!-- This site is optimized with the Yoast SEO plugin v27.4 - https:\/\/yoast.com\/product\/yoast-seo-wordpress\/ -->\n<title>Om oss - K\u00d6NIG NORGE AS<\/title>\n<meta name=\"description\" content=\"Din spesialist for sm\u00e5skader i overflater som tre, laminat, parkett, fliser, belegg, stein, finer, marmor, sanit\u00e6rkeramikk og mye mer. Vi reparere tidsbesparende, med en kostnadseffektiv og milj\u00f8vennlig metode. %\" \/>\n<meta name=\"robots\" content=\"index, follow, max-snippet:-1, max-image-preview:large, max-video-preview:-1\" \/>\n<link rel=\"canonical\" href=\"https:\/\/koenig.no\/?page_id=27\" \/>\n<meta property=\"og:locale\" content=\"nb_NO\" \/>\n<meta property=\"og:type\" content=\"article\" \/>\n<meta property=\"og:title\" content=\"Om oss - K\u00d6NIG NORGE AS\" \/>\n<meta property=\"og:description\" content=\"Din spesialist for sm\u00e5skader i overflater som tre, laminat, parkett, fliser, belegg, stein, finer, marmor, sanit\u00e6rkeramikk og mye mer. Vi reparere tidsbesparende, med en kostnadseffektiv og milj\u00f8vennlig metode. %\" \/>\n<meta property=\"og:url\" content=\"https:\/\/koenig.no\/?page_id=27\" \/>\n<meta property=\"og:site_name\" content=\"K\u00d6NIG NORGE AS\" \/>\n<meta property=\"article:modified_time\" content=\"2024-02-14T12:51:05+00:00\" \/>\n<meta property=\"og:image\" content=\"https:\/\/koenig.no\/wp-content\/uploads\/2024\/02\/KO\u2560eNIG_LOGO_Hvit-gradert-skygge.png\" \/>\n\t<meta property=\"og:image:width\" content=\"2892\" \/>\n\t<meta property=\"og:image:height\" content=\"845\" \/>\n\t<meta property=\"og:image:type\" content=\"image\/png\" \/>\n<meta name=\"twitter:card\" content=\"summary_large_image\" \/>\n<meta name=\"twitter:label1\" content=\"Ansl. lesetid\" \/>\n\t<meta name=\"twitter:data1\" content=\"1 minutt\" \/>\n<script type=\"application\/ld+json\" class=\"yoast-schema-graph\">{\"@context\":\"https:\\\/\\\/schema.org\",\"@graph\":[{\"@type\":\"WebPage\",\"@id\":\"https:\\\/\\\/koenig.no\\\/?page_id=27\",\"url\":\"https:\\\/\\\/koenig.no\\\/?page_id=27\",\"name\":\"Om oss - K\u00d6NIG NORGE AS\",\"isPartOf\":{\"@id\":\"https:\\\/\\\/koenig.no\\\/#website\"},\"primaryImageOfPage\":{\"@id\":\"https:\\\/\\\/koenig.no\\\/?page_id=27#primaryimage\"},\"image\":{\"@id\":\"https:\\\/\\\/koenig.no\\\/?page_id=27#primaryimage\"},\"thumbnailUrl\":\"https:\\\/\\\/i0.wp.com\\\/koenig.no\\\/wp-content\\\/uploads\\\/2024\\\/02\\\/KO%E2%95%A0eNIG_LOGO_Hvit-gradert-skygge.png?fit=2892%2C845&ssl=1\",\"datePublished\":\"2024-02-06T07:37:00+00:00\",\"dateModified\":\"2024-02-14T12:51:05+00:00\",\"description\":\"Din spesialist for sm\u00e5skader i overflater som tre, laminat, parkett, fliser, belegg, stein, finer, marmor, sanit\u00e6rkeramikk og mye mer. Vi reparere tidsbesparende, med en kostnadseffektiv og milj\u00f8vennlig metode. %\",\"breadcrumb\":{\"@id\":\"https:\\\/\\\/koenig.no\\\/?page_id=27#breadcrumb\"},\"inLanguage\":\"nb-NO\",\"potentialAction\":[{\"@type\":\"ReadAction\",\"target\":[\"https:\\\/\\\/koenig.no\\\/?page_id=27\"]}]},{\"@type\":\"ImageObject\",\"inLanguage\":\"nb-NO\",\"@id\":\"https:\\\/\\\/koenig.no\\\/?page_id=27#primaryimage\",\"url\":\"https:\\\/\\\/i0.wp.com\\\/koenig.no\\\/wp-content\\\/uploads\\\/2024\\\/02\\\/KO%E2%95%A0eNIG_LOGO_Hvit-gradert-skygge.png?fit=2892%2C845&ssl=1\",\"contentUrl\":\"https:\\\/\\\/i0.wp.com\\\/koenig.no\\\/wp-content\\\/uploads\\\/2024\\\/02\\\/KO%E2%95%A0eNIG_LOGO_Hvit-gradert-skygge.png?fit=2892%2C845&ssl=1\",\"width\":2892,\"height\":845},{\"@type\":\"BreadcrumbList\",\"@id\":\"https:\\\/\\\/koenig.no\\\/?page_id=27#breadcrumb\",\"itemListElement\":[{\"@type\":\"ListItem\",\"position\":1,\"name\":\"Hjem\",\"item\":\"https:\\\/\\\/koenig.no\\\/\"},{\"@type\":\"ListItem\",\"position\":2,\"name\":\"Om oss\"}]},{\"@type\":\"WebSite\",\"@id\":\"https:\\\/\\\/koenig.no\\\/#website\",\"url\":\"https:\\\/\\\/koenig.no\\\/\",\"name\":\"K\u00d6NIG NORGE AS\",\"description\":\"Din spesialist for sm\u00e5skader\",\"publisher\":{\"@id\":\"https:\\\/\\\/koenig.no\\\/#organization\"},\"alternateName\":\"koenignorge\",\"potentialAction\":[{\"@type\":\"SearchAction\",\"target\":{\"@type\":\"EntryPoint\",\"urlTemplate\":\"https:\\\/\\\/koenig.no\\\/?s={search_term_string}\"},\"query-input\":{\"@type\":\"PropertyValueSpecification\",\"valueRequired\":true,\"valueName\":\"search_term_string\"}}],\"inLanguage\":\"nb-NO\"},{\"@type\":\"Organization\",\"@id\":\"https:\\\/\\\/koenig.no\\\/#organization\",\"name\":\"K\u00d6NIG NORGE AS\",\"alternateName\":\"koenig\",\"url\":\"https:\\\/\\\/koenig.no\\\/\",\"logo\":{\"@type\":\"ImageObject\",\"inLanguage\":\"nb-NO\",\"@id\":\"https:\\\/\\\/koenig.no\\\/#\\\/schema\\\/logo\\\/image\\\/\",\"url\":\"https:\\\/\\\/i0.wp.com\\\/koenig.no\\\/wp-content\\\/uploads\\\/2024\\\/02\\\/Logo-Koenig.png?fit=384%2C379&ssl=1\",\"contentUrl\":\"https:\\\/\\\/i0.wp.com\\\/koenig.no\\\/wp-content\\\/uploads\\\/2024\\\/02\\\/Logo-Koenig.png?fit=384%2C379&ssl=1\",\"width\":384,\"height\":379,\"caption\":\"K\u00d6NIG NORGE AS\"},\"image\":{\"@id\":\"https:\\\/\\\/koenig.no\\\/#\\\/schema\\\/logo\\\/image\\\/\"}}]}<\/script>\n<!-- \/ Yoast SEO plugin. -->","yoast_head_json":{"title":"Om oss - K\u00d6NIG NORGE AS","description":"Din spesialist for sm\u00e5skader i overflater som tre, laminat, parkett, fliser, belegg, stein, finer, marmor, sanit\u00e6rkeramikk og mye mer. Vi reparere tidsbesparende, med en kostnadseffektiv og milj\u00f8vennlig metode. %","robots":{"index":"index","follow":"follow","max-snippet":"max-snippet:-1","max-image-preview":"max-image-preview:large","max-video-preview":"max-video-preview:-1"},"canonical":"https:\/\/koenig.no\/?page_id=27","og_locale":"nb_NO","og_type":"article","og_title":"Om oss - K\u00d6NIG NORGE AS","og_description":"Din spesialist for sm\u00e5skader i overflater som tre, laminat, parkett, fliser, belegg, stein, finer, marmor, sanit\u00e6rkeramikk og mye mer. Vi reparere tidsbesparende, med en kostnadseffektiv og milj\u00f8vennlig metode. %","og_url":"https:\/\/koenig.no\/?page_id=27","og_site_name":"K\u00d6NIG NORGE AS","article_modified_time":"2024-02-14T12:51:05+00:00","og_image":[{"width":2892,"height":845,"url":"https:\/\/koenig.no\/wp-content\/uploads\/2024\/02\/KO\u2560eNIG_LOGO_Hvit-gradert-skygge.png","type":"image\/png"}],"twitter_card":"summary_large_image","twitter_misc":{"Ansl. lesetid":"1 minutt"},"schema":{"@context":"https:\/\/schema.org","@graph":[{"@type":"WebPage","@id":"https:\/\/koenig.no\/?page_id=27","url":"https:\/\/koenig.no\/?page_id=27","name":"Om oss - K\u00d6NIG NORGE AS","isPartOf":{"@id":"https:\/\/koenig.no\/#website"},"primaryImageOfPage":{"@id":"https:\/\/koenig.no\/?page_id=27#primaryimage"},"image":{"@id":"https:\/\/koenig.no\/?page_id=27#primaryimage"},"thumbnailUrl":"https:\/\/i0.wp.com\/koenig.no\/wp-content\/uploads\/2024\/02\/KO%E2%95%A0eNIG_LOGO_Hvit-gradert-skygge.png?fit=2892%2C845&ssl=1","datePublished":"2024-02-06T07:37:00+00:00","dateModified":"2024-02-14T12:51:05+00:00","description":"Din spesialist for sm\u00e5skader i overflater som tre, laminat, parkett, fliser, belegg, stein, finer, marmor, sanit\u00e6rkeramikk og mye mer. Vi reparere tidsbesparende, med en kostnadseffektiv og milj\u00f8vennlig metode. %","breadcrumb":{"@id":"https:\/\/koenig.no\/?page_id=27#breadcrumb"},"inLanguage":"nb-NO","potentialAction":[{"@type":"ReadAction","target":["https:\/\/koenig.no\/?page_id=27"]}]},{"@type":"ImageObject","inLanguage":"nb-NO","@id":"https:\/\/koenig.no\/?page_id=27#primaryimage","url":"https:\/\/i0.wp.com\/koenig.no\/wp-content\/uploads\/2024\/02\/KO%E2%95%A0eNIG_LOGO_Hvit-gradert-skygge.png?fit=2892%2C845&ssl=1","contentUrl":"https:\/\/i0.wp.com\/koenig.no\/wp-content\/uploads\/2024\/02\/KO%E2%95%A0eNIG_LOGO_Hvit-gradert-skygge.png?fit=2892%2C845&ssl=1","width":2892,"height":845},{"@type":"BreadcrumbList","@id":"https:\/\/koenig.no\/?page_id=27#breadcrumb","itemListElement":[{"@type":"ListItem","position":1,"name":"Hjem","item":"https:\/\/koenig.no\/"},{"@type":"ListItem","position":2,"name":"Om oss"}]},{"@type":"WebSite","@id":"https:\/\/koenig.no\/#website","url":"https:\/\/koenig.no\/","name":"K\u00d6NIG NORGE AS","description":"Din spesialist for sm\u00e5skader","publisher":{"@id":"https:\/\/koenig.no\/#organization"},"alternateName":"koenignorge","potentialAction":[{"@type":"SearchAction","target":{"@type":"EntryPoint","urlTemplate":"https:\/\/koenig.no\/?s={search_term_string}"},"query-input":{"@type":"PropertyValueSpecification","valueRequired":true,"valueName":"search_term_string"}}],"inLanguage":"nb-NO"},{"@type":"Organization","@id":"https:\/\/koenig.no\/#organization","name":"K\u00d6NIG NORGE AS","alternateName":"koenig","url":"https:\/\/koenig.no\/","logo":{"@type":"ImageObject","inLanguage":"nb-NO","@id":"https:\/\/koenig.no\/#\/schema\/logo\/image\/","url":"https:\/\/i0.wp.com\/koenig.no\/wp-content\/uploads\/2024\/02\/Logo-Koenig.png?fit=384%2C379&ssl=1","contentUrl":"https:\/\/i0.wp.com\/koenig.no\/wp-content\/uploads\/2024\/02\/Logo-Koenig.png?fit=384%2C379&ssl=1","width":384,"height":379,"caption":"K\u00d6NIG NORGE AS"},"image":{"@id":"https:\/\/koenig.no\/#\/schema\/logo\/image\/"}}]}},"jetpack_sharing_enabled":true,"_links":{"self":[{"href":"https:\/\/koenig.no\/index.php?rest_route=\/wp\/v2\/pages\/27","targetHints":{"allow":["GET"]}}],"collection":[{"href":"https:\/\/koenig.no\/index.php?rest_route=\/wp\/v2\/pages"}],"about":[{"href":"https:\/\/koenig.no\/index.php?rest_route=\/wp\/v2\/types\/page"}],"author":[{"embeddable":true,"href":"https:\/\/koenig.no\/index.php?rest_route=\/wp\/v2\/users\/1"}],"replies":[{"embeddable":true,"href":"https:\/\/koenig.no\/index.php?rest_route=%2Fwp%2Fv2%2Fcomments&post=27"}],"version-history":[{"count":4,"href":"https:\/\/koenig.no\/index.php?rest_route=\/wp\/v2\/pages\/27\/revisions"}],"predecessor-version":[{"id":136,"href":"https:\/\/koenig.no\/index.php?rest_route=\/wp\/v2\/pages\/27\/revisions\/136"}],"wp:featuredmedia":[{"embeddable":true,"href":"https:\/\/koenig.no\/index.php?rest_route=\/wp\/v2\/media\/47"}],"wp:attachment":[{"href":"https:\/\/koenig.no\/index.php?rest_route=%2Fwp%2Fv2%2Fmedia&parent=27"}],"curies":[{"name":"wp","href":"https:\/\/api.w.org\/{rel}","templated":true}]}}