{"id":152,"date":"2024-02-24T23:46:49","date_gmt":"2024-02-24T23:46:49","guid":{"rendered":"https:\/\/koenig.no\/?page_id=152"},"modified":"2024-02-27T11:53:07","modified_gmt":"2024-02-27T11:53:07","slug":"slik-kan-vi-hjelpe","status":"publish","type":"page","link":"https:\/\/koenig.no\/?page_id=152","title":{"rendered":"Slik kan vi hjelpe"},"content":{"rendered":"\n<h3 class=\"wp-block-heading alignfull has-text-align-center\">Fyll ut skjema &gt;&gt;&gt;&gt;&gt;&gt;&gt; Last opp bilder &gt;&gt;&gt;&gt;&gt;&gt;&gt; Send inn &gt;&gt;&gt;&gt;&gt;&gt;&gt; F\u00e5 pristilbud.<\/h3>\n\n\n\n<hr class=\"wp-block-separator alignwide has-alpha-channel-opacity\"\/>\n\n\n\n<div style=\"height:25px\" aria-hidden=\"true\" class=\"wp-block-spacer\"><\/div>\n\n\n\n<p class=\"has-text-align-center\"><strong>Informasjon om skaden.<\/strong><\/p>\n\n\n\n<div style=\"height:23px\" aria-hidden=\"true\" class=\"wp-block-spacer\"><\/div>\n\n\n\n<div class=\"wp-block-contact-form-7-contact-form-selector\">\n<div class=\"wpcf7 no-js\" id=\"wpcf7-f151-o1\" lang=\"nb-NO\" dir=\"ltr\" data-wpcf7-id=\"151\">\n<div class=\"screen-reader-response\"><p role=\"status\" aria-live=\"polite\" aria-atomic=\"true\"><\/p> <ul><\/ul><\/div>\n<form action=\"\/index.php?rest_route=%2Fwp%2Fv2%2Fpages%2F152#wpcf7-f151-o1\" method=\"post\" class=\"wpcf7-form init\" aria-label=\"Kontaktskjema\" enctype=\"multipart\/form-data\" novalidate=\"novalidate\" data-status=\"init\">\n<fieldset class=\"hidden-fields-container\"><input type=\"hidden\" name=\"_wpcf7\" value=\"151\" \/><input type=\"hidden\" name=\"_wpcf7_version\" value=\"6.1.5\" \/><input type=\"hidden\" name=\"_wpcf7_locale\" value=\"nb_NO\" \/><input type=\"hidden\" name=\"_wpcf7_unit_tag\" value=\"wpcf7-f151-o1\" \/><input type=\"hidden\" name=\"_wpcf7_container_post\" value=\"0\" \/><input type=\"hidden\" name=\"_wpcf7_posted_data_hash\" value=\"\" \/>\n<\/fieldset>\n<p>Hva er skadet<br \/>\n<span class=\"wpcf7-form-control-wrap\" data-name=\"Element\"><span class=\"wpcf7-form-control wpcf7-checkbox wpcf7-validates-as-required\"><span class=\"wpcf7-list-item first\"><label><input type=\"checkbox\" name=\"Element[]\" value=\"Vegg\" \/><span class=\"wpcf7-list-item-label\">Vegg<\/span><\/label><\/span><span class=\"wpcf7-list-item\"><label><input type=\"checkbox\" name=\"Element[]\" value=\"Gulv\" \/><span class=\"wpcf7-list-item-label\">Gulv<\/span><\/label><\/span><span class=\"wpcf7-list-item\"><label><input type=\"checkbox\" name=\"Element[]\" value=\"D\u00f8r\/Vindu\" \/><span class=\"wpcf7-list-item-label\">D\u00f8r\/Vindu<\/span><\/label><\/span><span class=\"wpcf7-list-item\"><label><input type=\"checkbox\" name=\"Element[]\" value=\"Benkeplate\" \/><span class=\"wpcf7-list-item-label\">Benkeplate<\/span><\/label><\/span><span class=\"wpcf7-list-item\"><label><input type=\"checkbox\" name=\"Element[]\" value=\"M\u00f8bel\/Interi\u00f8r\" \/><span class=\"wpcf7-list-item-label\">M\u00f8bel\/Interi\u00f8r<\/span><\/label><\/span><span class=\"wpcf7-list-item\"><label><input type=\"checkbox\" name=\"Element[]\" value=\"Trapp\" \/><span class=\"wpcf7-list-item-label\">Trapp<\/span><\/label><\/span><span class=\"wpcf7-list-item last\"><label><input type=\"checkbox\" name=\"Element[]\" value=\"Annet\" \/><span class=\"wpcf7-list-item-label\">Annet<\/span><\/label><\/span><\/span><\/span>\n<\/p>\n<p>Velg material<br \/>\n<span class=\"wpcf7-form-control-wrap\" data-name=\"Material\"><span class=\"wpcf7-form-control wpcf7-checkbox wpcf7-validates-as-required\"><span class=\"wpcf7-list-item first\"><label><input type=\"checkbox\" name=\"Material[]\" value=\"Tre\/Parkett\" \/><span class=\"wpcf7-list-item-label\">Tre\/Parkett<\/span><\/label><\/span><span class=\"wpcf7-list-item\"><label><input type=\"checkbox\" name=\"Material[]\" value=\"Laminat\" \/><span class=\"wpcf7-list-item-label\">Laminat<\/span><\/label><\/span><span class=\"wpcf7-list-item\"><label><input type=\"checkbox\" name=\"Material[]\" value=\"Flise\/Stein\" \/><span class=\"wpcf7-list-item-label\">Flise\/Stein<\/span><\/label><\/span><span class=\"wpcf7-list-item\"><label><input type=\"checkbox\" name=\"Material[]\" value=\"Belegg (Vinyl, V\u00e5trom)\" \/><span class=\"wpcf7-list-item-label\">Belegg (Vinyl, V\u00e5trom)<\/span><\/label><\/span><span class=\"wpcf7-list-item\"><label><input type=\"checkbox\" name=\"Material[]\" value=\"Keramikk\" \/><span class=\"wpcf7-list-item-label\">Keramikk<\/span><\/label><\/span><span class=\"wpcf7-list-item\"><label><input type=\"checkbox\" name=\"Material[]\" value=\"Granit\" \/><span class=\"wpcf7-list-item-label\">Granit<\/span><\/label><\/span><span class=\"wpcf7-list-item\"><label><input type=\"checkbox\" name=\"Material[]\" value=\"Marmor\" \/><span class=\"wpcf7-list-item-label\">Marmor<\/span><\/label><\/span><span class=\"wpcf7-list-item\"><label><input type=\"checkbox\" name=\"Material[]\" value=\"Finer\" \/><span class=\"wpcf7-list-item-label\">Finer<\/span><\/label><\/span><span class=\"wpcf7-list-item\"><label><input type=\"checkbox\" name=\"Material[]\" value=\"Aluminium\" \/><span class=\"wpcf7-list-item-label\">Aluminium<\/span><\/label><\/span><span class=\"wpcf7-list-item\"><label><input type=\"checkbox\" name=\"Material[]\" value=\"PVC\/Plastikk\" \/><span class=\"wpcf7-list-item-label\">PVC\/Plastikk<\/span><\/label><\/span><span class=\"wpcf7-list-item last\"><label><input type=\"checkbox\" name=\"Material[]\" value=\"Annet\" \/><span class=\"wpcf7-list-item-label\">Annet<\/span><\/label><\/span><\/span><\/span>\n<\/p>\n<p>Typ skade<br \/>\n<span class=\"wpcf7-form-control-wrap\" data-name=\"Skadetyp\"><span class=\"wpcf7-form-control wpcf7-checkbox wpcf7-validates-as-required\"><span class=\"wpcf7-list-item first\"><label><input type=\"checkbox\" name=\"Skadetyp[]\" value=\"Skrape\" \/><span class=\"wpcf7-list-item-label\">Skrape<\/span><\/label><\/span><span class=\"wpcf7-list-item\"><label><input type=\"checkbox\" name=\"Skadetyp[]\" value=\"Hakk\" \/><span class=\"wpcf7-list-item-label\">Hakk<\/span><\/label><\/span><span class=\"wpcf7-list-item\"><label><input type=\"checkbox\" name=\"Skadetyp[]\" value=\"Bulk\" \/><span class=\"wpcf7-list-item-label\">Bulk<\/span><\/label><\/span><span class=\"wpcf7-list-item\"><label><input type=\"checkbox\" name=\"Skadetyp[]\" value=\"Sprekk\" \/><span class=\"wpcf7-list-item-label\">Sprekk<\/span><\/label><\/span><span class=\"wpcf7-list-item\"><label><input type=\"checkbox\" name=\"Skadetyp[]\" value=\"Brudd\" \/><span class=\"wpcf7-list-item-label\">Brudd<\/span><\/label><\/span><span class=\"wpcf7-list-item\"><label><input type=\"checkbox\" name=\"Skadetyp[]\" value=\"Brannskade\" \/><span class=\"wpcf7-list-item-label\">Brannskade<\/span><\/label><\/span><span class=\"wpcf7-list-item\"><label><input type=\"checkbox\" name=\"Skadetyp[]\" value=\"Feil boring\" \/><span class=\"wpcf7-list-item-label\">Feil boring<\/span><\/label><\/span><span class=\"wpcf7-list-item\"><label><input type=\"checkbox\" name=\"Skadetyp[]\" value=\"Forurensing\" \/><span class=\"wpcf7-list-item-label\">Forurensing<\/span><\/label><\/span><span class=\"wpcf7-list-item last\"><label><input type=\"checkbox\" name=\"Skadetyp[]\" value=\"Annet\" \/><span class=\"wpcf7-list-item-label\">Annet<\/span><\/label><\/span><\/span><\/span>\n<\/p>\n<p>St\u00f8rrelse - lengde\/diameter<br \/>\n<span class=\"wpcf7-form-control-wrap\" data-name=\"skademengde\"><input size=\"40\" maxlength=\"400\" class=\"wpcf7-form-control wpcf7-text wpcf7-validates-as-required\" aria-required=\"true\" aria-invalid=\"false\" placeholder=\"for eksempel: 3 cm lang \/ ca. 4-6 cm i diameter\" value=\"\" type=\"text\" name=\"skademengde\" \/><\/span>\n<\/p>\n<p>Skadebilder \/ last opp max. 5 bilder med 2MB\/bild (jpg eller png)<br \/>\n<span class=\"wpcf7-form-control-wrap\" data-name=\"Bild\"><input size=\"40\" class=\"wpcf7-form-control wpcf7-file wpcf7-validates-as-required\" accept=\".jpg,.png\" aria-required=\"true\" aria-invalid=\"false\" type=\"file\" name=\"Bild\" \/><\/span><br \/>\n<span class=\"wpcf7-form-control-wrap\" data-name=\"Bild2\"><input size=\"40\" class=\"wpcf7-form-control wpcf7-file\" accept=\".jpg,.png\" aria-invalid=\"false\" type=\"file\" name=\"Bild2\" \/><\/span><br \/>\n<span class=\"wpcf7-form-control-wrap\" data-name=\"Bild3\"><input size=\"40\" class=\"wpcf7-form-control wpcf7-file\" accept=\".jpg,.png\" aria-invalid=\"false\" type=\"file\" name=\"Bild3\" \/><\/span><br \/>\n<span class=\"wpcf7-form-control-wrap\" data-name=\"Bild4\"><input size=\"40\" class=\"wpcf7-form-control wpcf7-file\" accept=\".jpg,.png\" aria-invalid=\"false\" type=\"file\" name=\"Bild4\" \/><\/span><br \/>\n<span class=\"wpcf7-form-control-wrap\" data-name=\"Bild5\"><input size=\"40\" class=\"wpcf7-form-control wpcf7-file\" accept=\".jpg,.png\" aria-invalid=\"false\" type=\"file\" name=\"Bild5\" \/><\/span>\n<\/p>\n<p><label> Hvis du \u00f8nsker \u00e5 gi flere detaljer om skaden, kan du gj\u00f8re det her<br \/>\n<span class=\"wpcf7-form-control-wrap\" data-name=\"your-message\"><textarea cols=\"40\" rows=\"10\" maxlength=\"2000\" class=\"wpcf7-form-control wpcf7-textarea\" aria-invalid=\"false\" name=\"your-message\"><\/textarea><\/span> <\/label>\n<\/p>\n<p><label> Ditt navn<br \/>\n<span class=\"wpcf7-form-control-wrap\" data-name=\"your-name\"><input size=\"40\" maxlength=\"400\" class=\"wpcf7-form-control wpcf7-text wpcf7-validates-as-required\" autocomplete=\"name\" aria-required=\"true\" aria-invalid=\"false\" value=\"\" type=\"text\" name=\"your-name\" \/><\/span> <\/label>\n<\/p>\n<p><label> E-post<br \/>\n<span class=\"wpcf7-form-control-wrap\" data-name=\"your-email\"><input size=\"40\" maxlength=\"400\" class=\"wpcf7-form-control wpcf7-email wpcf7-validates-as-required wpcf7-text wpcf7-validates-as-email\" autocomplete=\"email\" aria-required=\"true\" aria-invalid=\"false\" value=\"\" type=\"email\" name=\"your-email\" \/><\/span> <\/label>\n<\/p>\n<p><label> Mobilnummer<br \/>\n<span class=\"wpcf7-form-control-wrap\" data-name=\"Telefon\"><input size=\"40\" maxlength=\"400\" class=\"wpcf7-form-control wpcf7-tel wpcf7-validates-as-required wpcf7-text wpcf7-validates-as-tel\" aria-required=\"true\" aria-invalid=\"false\" value=\"\" type=\"tel\" name=\"Telefon\" \/><\/span><\/label>\n<\/p>\n<p><label> Postnummer\/Skadested<br \/>\n<span class=\"wpcf7-form-control-wrap\" data-name=\"your-subject\"><input size=\"40\" maxlength=\"400\" class=\"wpcf7-form-control wpcf7-text wpcf7-validates-as-required\" aria-required=\"true\" aria-invalid=\"false\" value=\"\" type=\"text\" name=\"your-subject\" \/><\/span><\/label>\n<\/p>\n<p><input class=\"wpcf7-form-control wpcf7-submit has-spinner\" type=\"submit\" value=\"Send inn\" \/>\n<\/p><p style=\"display: none !important;\" class=\"akismet-fields-container\" data-prefix=\"_wpcf7_ak_\"><label>&#916;<textarea name=\"_wpcf7_ak_hp_textarea\" cols=\"45\" rows=\"8\" maxlength=\"100\"><\/textarea><\/label><input type=\"hidden\" id=\"ak_js_1\" name=\"_wpcf7_ak_js\" value=\"142\"\/><script data-jetpack-boost=\"ignore\">document.getElementById( \"ak_js_1\" ).setAttribute( \"value\", ( new Date() ).getTime() );<\/script><\/p><div class=\"wpcf7-response-output\" aria-hidden=\"true\"><\/div>\n<\/form>\n<\/div>\n<\/div>\n","protected":false},"excerpt":{"rendered":"<p>Fyll ut skjema &gt;&gt;&gt;&gt;&gt;&gt;&gt; Last opp bilder &gt;&gt;&gt;&gt;&gt;&gt;&gt; Send inn &gt;&gt;&gt;&gt;&gt;&gt;&gt; F\u00e5 pristilbud. Informasjon om skaden.<\/p>\n","protected":false},"author":1,"featured_media":0,"parent":0,"menu_order":0,"comment_status":"closed","ping_status":"closed","template":"","meta":{"footnotes":""},"class_list":["post-152","page","type-page","status-publish","hentry"],"yoast_head":"<!-- This site is optimized with the Yoast SEO plugin v27.4 - https:\/\/yoast.com\/product\/yoast-seo-wordpress\/ -->\n<title>Slik kan vi hjelpe - K\u00d6NIG NORGE AS<\/title>\n<meta name=\"robots\" content=\"index, follow, max-snippet:-1, max-image-preview:large, max-video-preview:-1\" \/>\n<link rel=\"canonical\" href=\"https:\/\/koenig.no\/?page_id=152\" \/>\n<meta property=\"og:locale\" content=\"nb_NO\" \/>\n<meta property=\"og:type\" content=\"article\" \/>\n<meta property=\"og:title\" content=\"Slik kan vi hjelpe - K\u00d6NIG NORGE AS\" \/>\n<meta property=\"og:description\" content=\"Fyll ut skjema &gt;&gt;&gt;&gt;&gt;&gt;&gt; Last opp bilder &gt;&gt;&gt;&gt;&gt;&gt;&gt; Send inn &gt;&gt;&gt;&gt;&gt;&gt;&gt; F\u00e5 pristilbud. Informasjon om skaden.\" \/>\n<meta property=\"og:url\" content=\"https:\/\/koenig.no\/?page_id=152\" \/>\n<meta property=\"og:site_name\" content=\"K\u00d6NIG NORGE AS\" \/>\n<meta property=\"article:modified_time\" content=\"2024-02-27T11:53:07+00:00\" \/>\n<meta property=\"og:image\" content=\"https:\/\/i0.wp.com\/koenig.no\/wp-content\/uploads\/2024\/02\/02_HartwachsPlus_befuellen-_1_.jpg?fit=1273%2C715&ssl=1\" \/>\n\t<meta property=\"og:image:width\" content=\"1273\" \/>\n\t<meta property=\"og:image:height\" content=\"715\" \/>\n\t<meta property=\"og:image:type\" content=\"image\/jpeg\" \/>\n<meta name=\"twitter:card\" content=\"summary_large_image\" \/>\n<meta name=\"twitter:label1\" content=\"Ansl. lesetid\" \/>\n\t<meta name=\"twitter:data1\" content=\"1 minutt\" \/>\n<script type=\"application\/ld+json\" class=\"yoast-schema-graph\">{\"@context\":\"https:\\\/\\\/schema.org\",\"@graph\":[{\"@type\":[\"WebPage\",\"ContactPage\"],\"@id\":\"https:\\\/\\\/koenig.no\\\/?page_id=152\",\"url\":\"https:\\\/\\\/koenig.no\\\/?page_id=152\",\"name\":\"Slik kan vi hjelpe - K\u00d6NIG NORGE AS\",\"isPartOf\":{\"@id\":\"https:\\\/\\\/koenig.no\\\/#website\"},\"datePublished\":\"2024-02-24T23:46:49+00:00\",\"dateModified\":\"2024-02-27T11:53:07+00:00\",\"breadcrumb\":{\"@id\":\"https:\\\/\\\/koenig.no\\\/?page_id=152#breadcrumb\"},\"inLanguage\":\"nb-NO\",\"potentialAction\":[{\"@type\":\"ReadAction\",\"target\":[\"https:\\\/\\\/koenig.no\\\/?page_id=152\"]}]},{\"@type\":\"BreadcrumbList\",\"@id\":\"https:\\\/\\\/koenig.no\\\/?page_id=152#breadcrumb\",\"itemListElement\":[{\"@type\":\"ListItem\",\"position\":1,\"name\":\"Hjem\",\"item\":\"https:\\\/\\\/koenig.no\\\/\"},{\"@type\":\"ListItem\",\"position\":2,\"name\":\"Slik kan vi hjelpe\"}]},{\"@type\":\"WebSite\",\"@id\":\"https:\\\/\\\/koenig.no\\\/#website\",\"url\":\"https:\\\/\\\/koenig.no\\\/\",\"name\":\"K\u00d6NIG NORGE AS\",\"description\":\"Din spesialist for sm\u00e5skader\",\"publisher\":{\"@id\":\"https:\\\/\\\/koenig.no\\\/#organization\"},\"alternateName\":\"koenignorge\",\"potentialAction\":[{\"@type\":\"SearchAction\",\"target\":{\"@type\":\"EntryPoint\",\"urlTemplate\":\"https:\\\/\\\/koenig.no\\\/?s={search_term_string}\"},\"query-input\":{\"@type\":\"PropertyValueSpecification\",\"valueRequired\":true,\"valueName\":\"search_term_string\"}}],\"inLanguage\":\"nb-NO\"},{\"@type\":\"Organization\",\"@id\":\"https:\\\/\\\/koenig.no\\\/#organization\",\"name\":\"K\u00d6NIG NORGE AS\",\"alternateName\":\"koenig\",\"url\":\"https:\\\/\\\/koenig.no\\\/\",\"logo\":{\"@type\":\"ImageObject\",\"inLanguage\":\"nb-NO\",\"@id\":\"https:\\\/\\\/koenig.no\\\/#\\\/schema\\\/logo\\\/image\\\/\",\"url\":\"https:\\\/\\\/i0.wp.com\\\/koenig.no\\\/wp-content\\\/uploads\\\/2024\\\/02\\\/Logo-Koenig.png?fit=384%2C379&ssl=1\",\"contentUrl\":\"https:\\\/\\\/i0.wp.com\\\/koenig.no\\\/wp-content\\\/uploads\\\/2024\\\/02\\\/Logo-Koenig.png?fit=384%2C379&ssl=1\",\"width\":384,\"height\":379,\"caption\":\"K\u00d6NIG NORGE AS\"},\"image\":{\"@id\":\"https:\\\/\\\/koenig.no\\\/#\\\/schema\\\/logo\\\/image\\\/\"}}]}<\/script>\n<!-- \/ Yoast SEO plugin. -->","yoast_head_json":{"title":"Slik kan vi hjelpe - K\u00d6NIG NORGE AS","robots":{"index":"index","follow":"follow","max-snippet":"max-snippet:-1","max-image-preview":"max-image-preview:large","max-video-preview":"max-video-preview:-1"},"canonical":"https:\/\/koenig.no\/?page_id=152","og_locale":"nb_NO","og_type":"article","og_title":"Slik kan vi hjelpe - K\u00d6NIG NORGE AS","og_description":"Fyll ut skjema &gt;&gt;&gt;&gt;&gt;&gt;&gt; Last opp bilder &gt;&gt;&gt;&gt;&gt;&gt;&gt; Send inn &gt;&gt;&gt;&gt;&gt;&gt;&gt; F\u00e5 pristilbud. Informasjon om skaden.","og_url":"https:\/\/koenig.no\/?page_id=152","og_site_name":"K\u00d6NIG NORGE AS","article_modified_time":"2024-02-27T11:53:07+00:00","og_image":[{"width":1273,"height":715,"url":"https:\/\/i0.wp.com\/koenig.no\/wp-content\/uploads\/2024\/02\/02_HartwachsPlus_befuellen-_1_.jpg?fit=1273%2C715&ssl=1","type":"image\/jpeg"}],"twitter_card":"summary_large_image","twitter_misc":{"Ansl. lesetid":"1 minutt"},"schema":{"@context":"https:\/\/schema.org","@graph":[{"@type":["WebPage","ContactPage"],"@id":"https:\/\/koenig.no\/?page_id=152","url":"https:\/\/koenig.no\/?page_id=152","name":"Slik kan vi hjelpe - K\u00d6NIG NORGE AS","isPartOf":{"@id":"https:\/\/koenig.no\/#website"},"datePublished":"2024-02-24T23:46:49+00:00","dateModified":"2024-02-27T11:53:07+00:00","breadcrumb":{"@id":"https:\/\/koenig.no\/?page_id=152#breadcrumb"},"inLanguage":"nb-NO","potentialAction":[{"@type":"ReadAction","target":["https:\/\/koenig.no\/?page_id=152"]}]},{"@type":"BreadcrumbList","@id":"https:\/\/koenig.no\/?page_id=152#breadcrumb","itemListElement":[{"@type":"ListItem","position":1,"name":"Hjem","item":"https:\/\/koenig.no\/"},{"@type":"ListItem","position":2,"name":"Slik kan vi hjelpe"}]},{"@type":"WebSite","@id":"https:\/\/koenig.no\/#website","url":"https:\/\/koenig.no\/","name":"K\u00d6NIG NORGE AS","description":"Din spesialist for sm\u00e5skader","publisher":{"@id":"https:\/\/koenig.no\/#organization"},"alternateName":"koenignorge","potentialAction":[{"@type":"SearchAction","target":{"@type":"EntryPoint","urlTemplate":"https:\/\/koenig.no\/?s={search_term_string}"},"query-input":{"@type":"PropertyValueSpecification","valueRequired":true,"valueName":"search_term_string"}}],"inLanguage":"nb-NO"},{"@type":"Organization","@id":"https:\/\/koenig.no\/#organization","name":"K\u00d6NIG NORGE AS","alternateName":"koenig","url":"https:\/\/koenig.no\/","logo":{"@type":"ImageObject","inLanguage":"nb-NO","@id":"https:\/\/koenig.no\/#\/schema\/logo\/image\/","url":"https:\/\/i0.wp.com\/koenig.no\/wp-content\/uploads\/2024\/02\/Logo-Koenig.png?fit=384%2C379&ssl=1","contentUrl":"https:\/\/i0.wp.com\/koenig.no\/wp-content\/uploads\/2024\/02\/Logo-Koenig.png?fit=384%2C379&ssl=1","width":384,"height":379,"caption":"K\u00d6NIG NORGE AS"},"image":{"@id":"https:\/\/koenig.no\/#\/schema\/logo\/image\/"}}]}},"jetpack_sharing_enabled":true,"_links":{"self":[{"href":"https:\/\/koenig.no\/index.php?rest_route=\/wp\/v2\/pages\/152","targetHints":{"allow":["GET"]}}],"collection":[{"href":"https:\/\/koenig.no\/index.php?rest_route=\/wp\/v2\/pages"}],"about":[{"href":"https:\/\/koenig.no\/index.php?rest_route=\/wp\/v2\/types\/page"}],"author":[{"embeddable":true,"href":"https:\/\/koenig.no\/index.php?rest_route=\/wp\/v2\/users\/1"}],"replies":[{"embeddable":true,"href":"https:\/\/koenig.no\/index.php?rest_route=%2Fwp%2Fv2%2Fcomments&post=152"}],"version-history":[{"count":9,"href":"https:\/\/koenig.no\/index.php?rest_route=\/wp\/v2\/pages\/152\/revisions"}],"predecessor-version":[{"id":171,"href":"https:\/\/koenig.no\/index.php?rest_route=\/wp\/v2\/pages\/152\/revisions\/171"}],"wp:attachment":[{"href":"https:\/\/koenig.no\/index.php?rest_route=%2Fwp%2Fv2%2Fmedia&parent=152"}],"curies":[{"name":"wp","href":"https:\/\/api.w.org\/{rel}","templated":true}]}}